{"id":1746,"date":"2025-10-07T23:27:49","date_gmt":"2025-10-07T23:27:49","guid":{"rendered":"https:\/\/beforetimeroutine.com\/nueva\/devoluciones-y-cambios\/"},"modified":"2025-11-19T17:16:49","modified_gmt":"2025-11-19T17:16:49","slug":"devoluciones-y-cambios","status":"publish","type":"page","link":"https:\/\/beforetimeroutine.com\/es\/devoluciones-y-cambios\/","title":{"rendered":"Devoluciones y cambios"},"content":{"rendered":"\t\t<div data-elementor-type=\"wp-page\" data-elementor-id=\"1746\" class=\"elementor elementor-1746 elementor-829\" data-elementor-post-type=\"page\">\n\t\t\t\t<div class=\"elementor-element elementor-element-1f04b08 e-flex e-con-boxed e-con e-parent\" data-id=\"1f04b08\" data-element_type=\"container\" data-e-type=\"container\" data-settings=\"{&quot;background_background&quot;:&quot;classic&quot;}\">\n\t\t\t\t\t<div class=\"e-con-inner\">\n\t\t\t\t<div class=\"elementor-element elementor-element-843e8b9 elementor-widget__width-initial elementor-widget elementor-widget-heading\" data-id=\"843e8b9\" data-element_type=\"widget\" data-e-type=\"widget\" data-widget_type=\"heading.default\">\n\t\t\t\t\t<h2 class=\"elementor-heading-title elementor-size-default\">Devoluciones y cambios<\/h2>\t\t\t\t<\/div>\n\t\t\t\t<div class=\"elementor-element elementor-element-3fa1834 elementor-widget elementor-widget-n-accordion\" data-id=\"3fa1834\" data-element_type=\"widget\" data-e-type=\"widget\" data-settings=\"{&quot;default_state&quot;:&quot;expanded&quot;,&quot;max_items_expended&quot;:&quot;one&quot;,&quot;n_accordion_animation_duration&quot;:{&quot;unit&quot;:&quot;ms&quot;,&quot;size&quot;:400,&quot;sizes&quot;:[]}}\" data-widget_type=\"nested-accordion.default\">\n\t\t\t\t\t\t\t<div class=\"e-n-accordion\" aria-label=\"Accordion. Open links with Enter or Space, close with Escape, and navigate with Arrow Keys\">\n\t\t\t\t\t\t<details id=\"e-n-accordion-item-6670\" class=\"e-n-accordion-item\" open>\n\t\t\t\t<summary class=\"e-n-accordion-item-title\" data-accordion-index=\"1\" tabindex=\"0\" aria-expanded=\"true\" aria-controls=\"e-n-accordion-item-6670\" >\n\t\t\t\t\t<span class='e-n-accordion-item-title-header'><div class=\"e-n-accordion-item-title-text\"> \u00bfPuedo cambiar un producto Before Time? <\/div><\/span>\n\t\t\t\t\t\t\t<span class='e-n-accordion-item-title-icon'>\n\t\t\t<span class='e-opened' ><svg aria-hidden=\"true\" class=\"e-font-icon-svg e-fas-caret-up\" viewBox=\"0 0 320 512\" xmlns=\"http:\/\/www.w3.org\/2000\/svg\"><path d=\"M288.662 352H31.338c-17.818 0-26.741-21.543-14.142-34.142l128.662-128.662c7.81-7.81 20.474-7.81 28.284 0l128.662 128.662c12.6 12.599 3.676 34.142-14.142 34.142z\"><\/path><\/svg><\/span>\n\t\t\t<span class='e-closed'><svg aria-hidden=\"true\" class=\"e-font-icon-svg e-fas-caret-down\" viewBox=\"0 0 320 512\" xmlns=\"http:\/\/www.w3.org\/2000\/svg\"><path d=\"M31.3 192h257.3c17.8 0 26.7 21.5 14.1 34.1L174.1 354.8c-7.8 7.8-20.5 7.8-28.3 0L17.2 226.1C4.6 213.5 13.5 192 31.3 192z\"><\/path><\/svg><\/span>\n\t\t<\/span>\n\n\t\t\t\t\t\t<\/summary>\n\t\t\t\t<div role=\"region\" aria-labelledby=\"e-n-accordion-item-6670\" class=\"elementor-element elementor-element-6f9aeda e-con-full e-flex e-con e-child\" data-id=\"6f9aeda\" data-element_type=\"container\" data-e-type=\"container\">\n\t\t\t\t<div class=\"elementor-element elementor-element-bb912fd elementor-widget elementor-widget-text-editor\" data-id=\"bb912fd\" data-element_type=\"widget\" data-e-type=\"widget\" data-widget_type=\"text-editor.default\">\n\t\t\t\t\t\t\t\t\t<div class=\"page\" title=\"P\u00e1gina 9\"><div class=\"layoutArea\"><div class=\"column\"><p>No ofrecemos cambios en los productos Before Time.<\/p><\/div><\/div><\/div>\t\t\t\t\t\t\t\t<\/div>\n\t\t\t\t<\/div>\n\t\t\t\t\t<\/details>\n\t\t\t\t\t\t<details id=\"e-n-accordion-item-6671\" class=\"e-n-accordion-item\" >\n\t\t\t\t<summary class=\"e-n-accordion-item-title\" data-accordion-index=\"2\" tabindex=\"-1\" aria-expanded=\"false\" aria-controls=\"e-n-accordion-item-6671\" >\n\t\t\t\t\t<span class='e-n-accordion-item-title-header'><div class=\"e-n-accordion-item-title-text\"> \u00bfCu\u00e1l es la pol\u00edtica de devoluciones de Before Time? <\/div><\/span>\n\t\t\t\t\t\t\t<span class='e-n-accordion-item-title-icon'>\n\t\t\t<span class='e-opened' ><svg aria-hidden=\"true\" class=\"e-font-icon-svg e-fas-caret-up\" viewBox=\"0 0 320 512\" xmlns=\"http:\/\/www.w3.org\/2000\/svg\"><path d=\"M288.662 352H31.338c-17.818 0-26.741-21.543-14.142-34.142l128.662-128.662c7.81-7.81 20.474-7.81 28.284 0l128.662 128.662c12.6 12.599 3.676 34.142-14.142 34.142z\"><\/path><\/svg><\/span>\n\t\t\t<span class='e-closed'><svg aria-hidden=\"true\" class=\"e-font-icon-svg e-fas-caret-down\" viewBox=\"0 0 320 512\" xmlns=\"http:\/\/www.w3.org\/2000\/svg\"><path d=\"M31.3 192h257.3c17.8 0 26.7 21.5 14.1 34.1L174.1 354.8c-7.8 7.8-20.5 7.8-28.3 0L17.2 226.1C4.6 213.5 13.5 192 31.3 192z\"><\/path><\/svg><\/span>\n\t\t<\/span>\n\n\t\t\t\t\t\t<\/summary>\n\t\t\t\t<div role=\"region\" aria-labelledby=\"e-n-accordion-item-6671\" class=\"elementor-element elementor-element-4a9cc93 e-con-full e-flex e-con e-child\" data-id=\"4a9cc93\" data-element_type=\"container\" data-e-type=\"container\">\n\t\t\t\t<div class=\"elementor-element elementor-element-b323908 elementor-widget elementor-widget-text-editor\" data-id=\"b323908\" data-element_type=\"widget\" data-e-type=\"widget\" data-widget_type=\"text-editor.default\">\n\t\t\t\t\t\t\t\t\t<div class=\"page\" title=\"P\u00e1gina 9\"><div class=\"layoutArea\"><div class=\"column\"><p>Lamentamos que Before Time no haya cumplido con sus expectativas. Queremos que disfrute de toda la experiencia de la familia Before Time, incluidas las devoluciones. Por lo tanto, intentaremos que esto sea lo m\u00e1s sencillo e indoloro posible aceptando devoluciones de productos Before Time dentro de los 30 d\u00edas posteriores a su recepci\u00f3n.   <br><br>Para que podamos aprobar las devoluciones, tenga en cuenta que:<br><br>1) No podemos aceptar productos vac\u00edos o casi vac\u00edos.<br>2) Solo aceptaremos productos probados o productos que a\u00fan est\u00e9n sellados.<br>3) No somos responsables de ning\u00fan da\u00f1o que se produzca en un art\u00edculo despu\u00e9s de que se le haya entregado. Si el art\u00edculo se ha ca\u00eddo, ha sido robado, etc., no podemos aprobar la devoluci\u00f3n. <\/p><\/div><\/div><\/div>\t\t\t\t\t\t\t\t<\/div>\n\t\t\t\t<\/div>\n\t\t\t\t\t<\/details>\n\t\t\t\t\t\t<details id=\"e-n-accordion-item-6672\" class=\"e-n-accordion-item\" >\n\t\t\t\t<summary class=\"e-n-accordion-item-title\" data-accordion-index=\"3\" tabindex=\"-1\" aria-expanded=\"false\" aria-controls=\"e-n-accordion-item-6672\" >\n\t\t\t\t\t<span class='e-n-accordion-item-title-header'><div class=\"e-n-accordion-item-title-text\"> \u00bfC\u00f3mo solicito una devoluci\u00f3n? <\/div><\/span>\n\t\t\t\t\t\t\t<span class='e-n-accordion-item-title-icon'>\n\t\t\t<span class='e-opened' ><svg aria-hidden=\"true\" class=\"e-font-icon-svg e-fas-caret-up\" viewBox=\"0 0 320 512\" xmlns=\"http:\/\/www.w3.org\/2000\/svg\"><path d=\"M288.662 352H31.338c-17.818 0-26.741-21.543-14.142-34.142l128.662-128.662c7.81-7.81 20.474-7.81 28.284 0l128.662 128.662c12.6 12.599 3.676 34.142-14.142 34.142z\"><\/path><\/svg><\/span>\n\t\t\t<span class='e-closed'><svg aria-hidden=\"true\" class=\"e-font-icon-svg e-fas-caret-down\" viewBox=\"0 0 320 512\" xmlns=\"http:\/\/www.w3.org\/2000\/svg\"><path d=\"M31.3 192h257.3c17.8 0 26.7 21.5 14.1 34.1L174.1 354.8c-7.8 7.8-20.5 7.8-28.3 0L17.2 226.1C4.6 213.5 13.5 192 31.3 192z\"><\/path><\/svg><\/span>\n\t\t<\/span>\n\n\t\t\t\t\t\t<\/summary>\n\t\t\t\t<div role=\"region\" aria-labelledby=\"e-n-accordion-item-6672\" class=\"elementor-element elementor-element-d87aea4 e-con-full e-flex e-con e-child\" data-id=\"d87aea4\" data-element_type=\"container\" data-e-type=\"container\">\n\t\t\t\t<div class=\"elementor-element elementor-element-35f2c4b elementor-widget elementor-widget-text-editor\" data-id=\"35f2c4b\" data-element_type=\"widget\" data-e-type=\"widget\" data-widget_type=\"text-editor.default\">\n\t\t\t\t\t\t\t\t\t<div class=\"page\" title=\"P\u00e1gina 9\"><div class=\"layoutArea\"><div class=\"column\"><p>Env\u00edenos un correo electr\u00f3nico a <a href=\"mailto:info@beforetimeroutine.com\">info@beforetimeroutine.com<\/a> con el nombre, el n\u00famero de pedido y el motivo de la devoluci\u00f3n, con la palabra \u201cCancelaci\u00f3n\u201d en el asunto. Le enviaremos un correo electr\u00f3nico confirmando que hemos recibido su solicitud. <br><br>Una vez que haya recibido el correo electr\u00f3nico de confirmaci\u00f3n, coloque los productos en su embalaje original y en la caja de env\u00edo. Si ya no tiene la caja de env\u00edo original, utilice una que garantice que no se producir\u00e1n da\u00f1os durante el transporte. Imprima la etiqueta de devoluci\u00f3n prepagada que hemos incluido en el correo electr\u00f3nico que le hemos enviado.   <br><br>Una vez que recibamos el paquete, procesaremos la devoluci\u00f3n lo antes posible.<\/p><\/div><\/div><\/div>\t\t\t\t\t\t\t\t<\/div>\n\t\t\t\t<\/div>\n\t\t\t\t\t<\/details>\n\t\t\t\t\t\t<details id=\"e-n-accordion-item-6673\" class=\"e-n-accordion-item\" >\n\t\t\t\t<summary class=\"e-n-accordion-item-title\" data-accordion-index=\"4\" tabindex=\"-1\" aria-expanded=\"false\" aria-controls=\"e-n-accordion-item-6673\" >\n\t\t\t\t\t<span class='e-n-accordion-item-title-header'><div class=\"e-n-accordion-item-title-text\"> \u00bfCu\u00e1nto tiempo se tarda en procesar una devoluci\u00f3n? <\/div><\/span>\n\t\t\t\t\t\t\t<span class='e-n-accordion-item-title-icon'>\n\t\t\t<span class='e-opened' ><svg aria-hidden=\"true\" class=\"e-font-icon-svg e-fas-caret-up\" viewBox=\"0 0 320 512\" xmlns=\"http:\/\/www.w3.org\/2000\/svg\"><path d=\"M288.662 352H31.338c-17.818 0-26.741-21.543-14.142-34.142l128.662-128.662c7.81-7.81 20.474-7.81 28.284 0l128.662 128.662c12.6 12.599 3.676 34.142-14.142 34.142z\"><\/path><\/svg><\/span>\n\t\t\t<span class='e-closed'><svg aria-hidden=\"true\" class=\"e-font-icon-svg e-fas-caret-down\" viewBox=\"0 0 320 512\" xmlns=\"http:\/\/www.w3.org\/2000\/svg\"><path d=\"M31.3 192h257.3c17.8 0 26.7 21.5 14.1 34.1L174.1 354.8c-7.8 7.8-20.5 7.8-28.3 0L17.2 226.1C4.6 213.5 13.5 192 31.3 192z\"><\/path><\/svg><\/span>\n\t\t<\/span>\n\n\t\t\t\t\t\t<\/summary>\n\t\t\t\t<div role=\"region\" aria-labelledby=\"e-n-accordion-item-6673\" class=\"elementor-element elementor-element-38d209a e-flex e-con-boxed e-con e-child\" data-id=\"38d209a\" data-element_type=\"container\" data-e-type=\"container\">\n\t\t\t\t\t<div class=\"e-con-inner\">\n\t\t\t\t<div class=\"elementor-element elementor-element-5b8c32a elementor-widget elementor-widget-text-editor\" data-id=\"5b8c32a\" data-element_type=\"widget\" data-e-type=\"widget\" data-widget_type=\"text-editor.default\">\n\t\t\t\t\t\t\t\t\t<div class=\"page\" title=\"P\u00e1gina 9\"><div class=\"layoutArea\"><div class=\"column\"><p>Una vez que recibamos el paquete, procesaremos la devoluci\u00f3n en un plazo de 15 d\u00edas. Tenga en cuenta que puede tardar un poco m\u00e1s en aparecer la transacci\u00f3n en su cuenta, dependiendo de su banco. <\/p><\/div><\/div><\/div>\t\t\t\t\t\t\t\t<\/div>\n\t\t\t\t\t<\/div>\n\t\t\t\t<\/div>\n\t\t\t\t\t<\/details>\n\t\t\t\t\t\t<details id=\"e-n-accordion-item-6674\" class=\"e-n-accordion-item\" >\n\t\t\t\t<summary class=\"e-n-accordion-item-title\" data-accordion-index=\"5\" tabindex=\"-1\" aria-expanded=\"false\" aria-controls=\"e-n-accordion-item-6674\" >\n\t\t\t\t\t<span class='e-n-accordion-item-title-header'><div class=\"e-n-accordion-item-title-text\"> \u00a1Mis productos Before Time se da\u00f1aron durante el transporte! <\/div><\/span>\n\t\t\t\t\t\t\t<span class='e-n-accordion-item-title-icon'>\n\t\t\t<span class='e-opened' ><svg aria-hidden=\"true\" class=\"e-font-icon-svg e-fas-caret-up\" viewBox=\"0 0 320 512\" xmlns=\"http:\/\/www.w3.org\/2000\/svg\"><path d=\"M288.662 352H31.338c-17.818 0-26.741-21.543-14.142-34.142l128.662-128.662c7.81-7.81 20.474-7.81 28.284 0l128.662 128.662c12.6 12.599 3.676 34.142-14.142 34.142z\"><\/path><\/svg><\/span>\n\t\t\t<span class='e-closed'><svg aria-hidden=\"true\" class=\"e-font-icon-svg e-fas-caret-down\" viewBox=\"0 0 320 512\" xmlns=\"http:\/\/www.w3.org\/2000\/svg\"><path d=\"M31.3 192h257.3c17.8 0 26.7 21.5 14.1 34.1L174.1 354.8c-7.8 7.8-20.5 7.8-28.3 0L17.2 226.1C4.6 213.5 13.5 192 31.3 192z\"><\/path><\/svg><\/span>\n\t\t<\/span>\n\n\t\t\t\t\t\t<\/summary>\n\t\t\t\t<div role=\"region\" aria-labelledby=\"e-n-accordion-item-6674\" class=\"elementor-element elementor-element-8b078bd e-flex e-con-boxed e-con e-child\" data-id=\"8b078bd\" data-element_type=\"container\" data-e-type=\"container\">\n\t\t\t\t\t<div class=\"e-con-inner\">\n\t\t\t\t<div class=\"elementor-element elementor-element-9dbb5e9 elementor-widget elementor-widget-text-editor\" data-id=\"9dbb5e9\" data-element_type=\"widget\" data-e-type=\"widget\" data-widget_type=\"text-editor.default\">\n\t\t\t\t\t\t\t\t\t<div class=\"page\" title=\"P\u00e1gina 9\"><div class=\"layoutArea\"><div class=\"column\"><p>\u00a1\u00a1\u00a1OMG!!! \u00a1Lamentamos mucho o\u00edr eso! Env\u00edenos un correo electr\u00f3nico a <a href=\"mailto:info@beforetimeroutine.com\">info@beforetimeroutine.com<\/a> con su nombre completo, n\u00famero de pedido y una imagen de los productos da\u00f1ados.  <br><br>Una vez que hayamos recibido toda la informaci\u00f3n que hemos solicitado, le enviaremos el mismo producto lo antes posible.<br><br>Nota: Las reclamaciones de este tipo solo se aceptar\u00e1n hasta 3 d\u00edas despu\u00e9s de recibir el paquete.<\/p><\/div><\/div><\/div>\t\t\t\t\t\t\t\t<\/div>\n\t\t\t\t\t<\/div>\n\t\t\t\t<\/div>\n\t\t\t\t\t<\/details>\n\t\t\t\t\t<\/div>\n\t\t\t\t\t\t<\/div>\n\t\t\t\t\t<\/div>\n\t\t\t\t<\/div>\n\t\t\t\t<\/div>\n\t\t","protected":false},"excerpt":{"rendered":"<p>Devoluciones y cambios \u00bfPuedo cambiar un producto Before Time? No ofrecemos cambios en los productos Before Time. \u00bfCu\u00e1l es la pol\u00edtica de devoluciones de Before Time? Lamentamos que Before Time no haya cumplido con sus expectativas. Queremos que disfrute de toda la experiencia de la familia Before Time, incluidas las devoluciones. Por lo tanto, intentaremos [&hellip;]<\/p>\n","protected":false},"author":2,"featured_media":0,"parent":0,"menu_order":0,"comment_status":"closed","ping_status":"closed","template":"","meta":{"_acf_changed":false,"footnotes":""},"class_list":["post-1746","page","type-page","status-publish","hentry"],"acf":[],"yoast_head":"<!-- This site is optimized with the Yoast SEO plugin v26.9 - https:\/\/yoast.com\/product\/yoast-seo-wordpress\/ -->\n<title>Devoluciones y cambios - Before Time Routine<\/title>\n<meta name=\"description\" content=\"The secret lies in a good skincare routine\" \/>\n<meta name=\"robots\" content=\"index, follow, max-snippet:-1, max-image-preview:large, max-video-preview:-1\" \/>\n<link rel=\"canonical\" href=\"https:\/\/beforetimeroutine.com\/returns-exchanges\/\" \/>\n<meta property=\"og:locale\" content=\"es_ES\" \/>\n<meta property=\"og:type\" content=\"article\" \/>\n<meta property=\"og:title\" content=\"Devoluciones y cambios - Before Time Routine\" \/>\n<meta property=\"og:description\" content=\"The secret lies in a good skincare routine\" \/>\n<meta property=\"og:url\" content=\"https:\/\/beforetimeroutine.com\/returns-exchanges\/\" \/>\n<meta property=\"og:site_name\" content=\"Before Time Routine\" \/>\n<meta property=\"article:publisher\" content=\"https:\/\/www.facebook.com\/BeforeTimeRoutine\" \/>\n<meta property=\"article:modified_time\" content=\"2025-11-19T17:16:49+00:00\" \/>\n<meta name=\"twitter:card\" content=\"summary_large_image\" \/>\n<meta name=\"twitter:label1\" content=\"Tiempo de lectura\" \/>\n\t<meta name=\"twitter:data1\" content=\"4 minutos\" \/>\n<script type=\"application\/ld+json\" class=\"yoast-schema-graph\">{\"@context\":\"https:\/\/schema.org\",\"@graph\":[{\"@type\":\"WebPage\",\"@id\":\"https:\/\/beforetimeroutine.com\/returns-exchanges\/\",\"url\":\"https:\/\/beforetimeroutine.com\/returns-exchanges\/\",\"name\":\"Devoluciones y cambios - Before Time Routine\",\"isPartOf\":{\"@id\":\"https:\/\/beforetimeroutine.com\/#website\"},\"datePublished\":\"2025-10-07T23:27:49+00:00\",\"dateModified\":\"2025-11-19T17:16:49+00:00\",\"description\":\"The secret lies in a good skincare routine\",\"breadcrumb\":{\"@id\":\"https:\/\/beforetimeroutine.com\/returns-exchanges\/#breadcrumb\"},\"inLanguage\":\"es-CO\",\"potentialAction\":[{\"@type\":\"ReadAction\",\"target\":[\"https:\/\/beforetimeroutine.com\/returns-exchanges\/\"]}]},{\"@type\":\"BreadcrumbList\",\"@id\":\"https:\/\/beforetimeroutine.com\/returns-exchanges\/#breadcrumb\",\"itemListElement\":[{\"@type\":\"ListItem\",\"position\":1,\"name\":\"Home\",\"item\":\"https:\/\/beforetimeroutine.com\/es\/\"},{\"@type\":\"ListItem\",\"position\":2,\"name\":\"Devoluciones y cambios\"}]},{\"@type\":\"WebSite\",\"@id\":\"https:\/\/beforetimeroutine.com\/#website\",\"url\":\"https:\/\/beforetimeroutine.com\/\",\"name\":\"Before Time Routine\",\"description\":\"\",\"publisher\":{\"@id\":\"https:\/\/beforetimeroutine.com\/#organization\"},\"alternateName\":\"Before Time Routine\",\"potentialAction\":[{\"@type\":\"SearchAction\",\"target\":{\"@type\":\"EntryPoint\",\"urlTemplate\":\"https:\/\/beforetimeroutine.com\/?s={search_term_string}\"},\"query-input\":{\"@type\":\"PropertyValueSpecification\",\"valueRequired\":true,\"valueName\":\"search_term_string\"}}],\"inLanguage\":\"es-CO\"},{\"@type\":\"Organization\",\"@id\":\"https:\/\/beforetimeroutine.com\/#organization\",\"name\":\"Before Time Routine\",\"alternateName\":\"Before Time Routine\",\"url\":\"https:\/\/beforetimeroutine.com\/\",\"logo\":{\"@type\":\"ImageObject\",\"inLanguage\":\"es-CO\",\"@id\":\"https:\/\/beforetimeroutine.com\/#\/schema\/logo\/image\/\",\"url\":\"https:\/\/beforetimeroutine.com\/wp-content\/uploads\/2025\/09\/LogoSecundario_BeforeTime-e1758053825942.png\",\"contentUrl\":\"https:\/\/beforetimeroutine.com\/wp-content\/uploads\/2025\/09\/LogoSecundario_BeforeTime-e1758053825942.png\",\"width\":1165,\"height\":177,\"caption\":\"Before Time Routine\"},\"image\":{\"@id\":\"https:\/\/beforetimeroutine.com\/#\/schema\/logo\/image\/\"},\"sameAs\":[\"https:\/\/www.facebook.com\/BeforeTimeRoutine\"]}]}<\/script>\n<!-- \/ Yoast SEO plugin. -->","yoast_head_json":{"title":"Devoluciones y cambios - Before Time Routine","description":"The secret lies in a good skincare routine","robots":{"index":"index","follow":"follow","max-snippet":"max-snippet:-1","max-image-preview":"max-image-preview:large","max-video-preview":"max-video-preview:-1"},"canonical":"https:\/\/beforetimeroutine.com\/returns-exchanges\/","og_locale":"es_ES","og_type":"article","og_title":"Devoluciones y cambios - Before Time Routine","og_description":"The secret lies in a good skincare routine","og_url":"https:\/\/beforetimeroutine.com\/returns-exchanges\/","og_site_name":"Before Time Routine","article_publisher":"https:\/\/www.facebook.com\/BeforeTimeRoutine","article_modified_time":"2025-11-19T17:16:49+00:00","twitter_card":"summary_large_image","twitter_misc":{"Tiempo de lectura":"4 minutos"},"schema":{"@context":"https:\/\/schema.org","@graph":[{"@type":"WebPage","@id":"https:\/\/beforetimeroutine.com\/returns-exchanges\/","url":"https:\/\/beforetimeroutine.com\/returns-exchanges\/","name":"Devoluciones y cambios - Before Time Routine","isPartOf":{"@id":"https:\/\/beforetimeroutine.com\/#website"},"datePublished":"2025-10-07T23:27:49+00:00","dateModified":"2025-11-19T17:16:49+00:00","description":"The secret lies in a good skincare routine","breadcrumb":{"@id":"https:\/\/beforetimeroutine.com\/returns-exchanges\/#breadcrumb"},"inLanguage":"es-CO","potentialAction":[{"@type":"ReadAction","target":["https:\/\/beforetimeroutine.com\/returns-exchanges\/"]}]},{"@type":"BreadcrumbList","@id":"https:\/\/beforetimeroutine.com\/returns-exchanges\/#breadcrumb","itemListElement":[{"@type":"ListItem","position":1,"name":"Home","item":"https:\/\/beforetimeroutine.com\/es\/"},{"@type":"ListItem","position":2,"name":"Devoluciones y cambios"}]},{"@type":"WebSite","@id":"https:\/\/beforetimeroutine.com\/#website","url":"https:\/\/beforetimeroutine.com\/","name":"Before Time Routine","description":"","publisher":{"@id":"https:\/\/beforetimeroutine.com\/#organization"},"alternateName":"Before Time Routine","potentialAction":[{"@type":"SearchAction","target":{"@type":"EntryPoint","urlTemplate":"https:\/\/beforetimeroutine.com\/?s={search_term_string}"},"query-input":{"@type":"PropertyValueSpecification","valueRequired":true,"valueName":"search_term_string"}}],"inLanguage":"es-CO"},{"@type":"Organization","@id":"https:\/\/beforetimeroutine.com\/#organization","name":"Before Time Routine","alternateName":"Before Time Routine","url":"https:\/\/beforetimeroutine.com\/","logo":{"@type":"ImageObject","inLanguage":"es-CO","@id":"https:\/\/beforetimeroutine.com\/#\/schema\/logo\/image\/","url":"https:\/\/beforetimeroutine.com\/wp-content\/uploads\/2025\/09\/LogoSecundario_BeforeTime-e1758053825942.png","contentUrl":"https:\/\/beforetimeroutine.com\/wp-content\/uploads\/2025\/09\/LogoSecundario_BeforeTime-e1758053825942.png","width":1165,"height":177,"caption":"Before Time Routine"},"image":{"@id":"https:\/\/beforetimeroutine.com\/#\/schema\/logo\/image\/"},"sameAs":["https:\/\/www.facebook.com\/BeforeTimeRoutine"]}]}},"_links":{"self":[{"href":"https:\/\/beforetimeroutine.com\/es\/wp-json\/wp\/v2\/pages\/1746","targetHints":{"allow":["GET"]}}],"collection":[{"href":"https:\/\/beforetimeroutine.com\/es\/wp-json\/wp\/v2\/pages"}],"about":[{"href":"https:\/\/beforetimeroutine.com\/es\/wp-json\/wp\/v2\/types\/page"}],"author":[{"embeddable":true,"href":"https:\/\/beforetimeroutine.com\/es\/wp-json\/wp\/v2\/users\/2"}],"replies":[{"embeddable":true,"href":"https:\/\/beforetimeroutine.com\/es\/wp-json\/wp\/v2\/comments?post=1746"}],"version-history":[{"count":0,"href":"https:\/\/beforetimeroutine.com\/es\/wp-json\/wp\/v2\/pages\/1746\/revisions"}],"wp:attachment":[{"href":"https:\/\/beforetimeroutine.com\/es\/wp-json\/wp\/v2\/media?parent=1746"}],"curies":[{"name":"wp","href":"https:\/\/api.w.org\/{rel}","templated":true}]}}