{"id":1733,"date":"2025-09-17T21:18:32","date_gmt":"2025-09-17T21:18:32","guid":{"rendered":"https:\/\/beforetimeroutine.com\/nueva\/que-nos-diferencia\/"},"modified":"2025-11-19T15:39:54","modified_gmt":"2025-11-19T15:39:54","slug":"que-nos-diferencia","status":"publish","type":"page","link":"https:\/\/beforetimeroutine.com\/es\/que-nos-diferencia\/","title":{"rendered":"\u00bfQu\u00e9 nos diferencia?"},"content":{"rendered":"\t\t<div data-elementor-type=\"wp-page\" data-elementor-id=\"1733\" class=\"elementor elementor-1733 elementor-417\" data-elementor-post-type=\"page\">\n\t\t\t\t<div class=\"elementor-element elementor-element-181d1ff e-flex e-con-boxed e-con e-parent\" data-id=\"181d1ff\" data-element_type=\"container\" data-e-type=\"container\" id=\"hero\" data-settings=\"{&quot;background_background&quot;:&quot;classic&quot;}\">\n\t\t\t\t\t<div class=\"e-con-inner\">\n\t\t\t\t<div class=\"elementor-element elementor-element-cb39779 elementor-widget__width-initial elementor-widget elementor-widget-heading\" data-id=\"cb39779\" data-element_type=\"widget\" data-e-type=\"widget\" data-widget_type=\"heading.default\">\n\t\t\t\t\t<h2 class=\"elementor-heading-title elementor-size-default\">FILOSOF\u00cdA DE LA PREVENCI\u00d3N<\/h2>\t\t\t\t<\/div>\n\t\t\t\t<div class=\"elementor-element elementor-element-1d14596 elementor-widget elementor-widget-text-editor\" data-id=\"1d14596\" data-element_type=\"widget\" data-e-type=\"widget\" data-widget_type=\"text-editor.default\">\n\t\t\t\t\t\t\t\t\t<p>No se trata de arreglar el pasado&#8230;<br>&#8230;sino de anticipar el futuro<\/p>\t\t\t\t\t\t\t\t<\/div>\n\t\t\t\t\t<\/div>\n\t\t\t\t<\/div>\n\t\t<div class=\"elementor-element elementor-element-7e6322d e-flex e-con-boxed e-con e-parent\" data-id=\"7e6322d\" data-element_type=\"container\" data-e-type=\"container\">\n\t\t\t\t\t<div class=\"e-con-inner\">\n\t\t\t\t<div class=\"elementor-element elementor-element-1ebe934 elementor-widget elementor-widget-text-editor\" data-id=\"1ebe934\" data-element_type=\"widget\" data-e-type=\"widget\" data-widget_type=\"text-editor.default\">\n\t\t\t\t\t\t\t\t\t<div class=\"page\" title=\"P\u00e1gina 9\"><div class=\"layoutArea\"><div class=\"column\"><p>Nuestras f\u00f3rmulas fortalecen las defensas naturales de la piel para retrasar los signos del envejecimiento antes de que aparezcan.<\/p><\/div><\/div><\/div>\t\t\t\t\t\t\t\t<\/div>\n\t\t\t\t\t<\/div>\n\t\t\t\t<\/div>\n\t\t<div class=\"elementor-element elementor-element-44181ea e-flex e-con-boxed e-con e-parent\" data-id=\"44181ea\" data-element_type=\"container\" data-e-type=\"container\" data-settings=\"{&quot;background_background&quot;:&quot;classic&quot;}\">\n\t\t\t\t\t<div class=\"e-con-inner\">\n\t\t<div class=\"elementor-element elementor-element-c31e532 e-con-full e-flex e-con e-child\" data-id=\"c31e532\" data-element_type=\"container\" data-e-type=\"container\">\n\t\t\t\t<div class=\"elementor-element elementor-element-9915ac4 elementor-widget elementor-widget-image\" data-id=\"9915ac4\" data-element_type=\"widget\" data-e-type=\"widget\" data-widget_type=\"image.default\">\n\t\t\t\t\t\t\t\t\t\t\t\t\t\t\t<img fetchpriority=\"high\" decoding=\"async\" width=\"2048\" height=\"1638\" src=\"https:\/\/beforetimeroutine.com\/wp-content\/uploads\/2025\/10\/us-appart.jpg\" class=\"attachment-full size-full wp-image-1729\" alt=\"\" srcset=\"https:\/\/beforetimeroutine.com\/wp-content\/uploads\/2025\/10\/us-appart.jpg 2048w, https:\/\/beforetimeroutine.com\/wp-content\/uploads\/2025\/10\/us-appart-300x240.jpg 300w, https:\/\/beforetimeroutine.com\/wp-content\/uploads\/2025\/10\/us-appart-1024x819.jpg 1024w, https:\/\/beforetimeroutine.com\/wp-content\/uploads\/2025\/10\/us-appart-768x614.jpg 768w, https:\/\/beforetimeroutine.com\/wp-content\/uploads\/2025\/10\/us-appart-1536x1229.jpg 1536w, https:\/\/beforetimeroutine.com\/wp-content\/uploads\/2025\/10\/us-appart-600x480.jpg 600w\" sizes=\"(max-width: 2048px) 100vw, 2048px\" \/>\t\t\t\t\t\t\t\t\t\t\t\t\t\t\t<\/div>\n\t\t\t\t<\/div>\n\t\t<div class=\"elementor-element elementor-element-20b8b10 e-con-full e-flex e-con e-child\" data-id=\"20b8b10\" data-element_type=\"container\" data-e-type=\"container\">\n\t\t\t\t<div class=\"elementor-element elementor-element-5d09e62 elementor-widget__width-initial elementor-widget elementor-widget-heading\" data-id=\"5d09e62\" data-element_type=\"widget\" data-e-type=\"widget\" data-widget_type=\"heading.default\">\n\t\t\t\t\t<h2 class=\"elementor-heading-title elementor-size-default\">EPIGEN\u00c9TICA &amp; GLUC\u00d3GENO MARINO<\/h2>\t\t\t\t<\/div>\n\t\t\t\t<div class=\"elementor-element elementor-element-5840ef5 elementor-widget elementor-widget-text-editor\" data-id=\"5840ef5\" data-element_type=\"widget\" data-e-type=\"widget\" data-widget_type=\"text-editor.default\">\n\t\t\t\t\t\t\t\t\t<div class=\"page\" title=\"P\u00e1gina 9\"><div class=\"layoutArea\"><div class=\"column\"><p><strong>La ciencia se une a la vitalidad de la piel.<\/strong><\/p><p>Nuestro exclusivo gluc\u00f3geno marino act\u00faa a nivel celular, reactivando los genes afectados por el envejecimiento y el estilo de vida, a la vez que estimula la producci\u00f3n de col\u00e1geno y elastina.<\/p><\/div><\/div><\/div>\t\t\t\t\t\t\t\t<\/div>\n\t\t\t\t<\/div>\n\t\t\t\t\t<\/div>\n\t\t\t\t<\/div>\n\t\t<div class=\"elementor-element elementor-element-f952c08 e-flex e-con-boxed e-con e-parent\" data-id=\"f952c08\" data-element_type=\"container\" data-e-type=\"container\">\n\t\t\t\t\t<div class=\"e-con-inner\">\n\t\t<div class=\"elementor-element elementor-element-4c80610 e-con-full e-flex e-con e-child\" data-id=\"4c80610\" data-element_type=\"container\" data-e-type=\"container\" data-settings=\"{&quot;background_background&quot;:&quot;classic&quot;}\">\n\t\t\t\t<div class=\"elementor-element elementor-element-72456da elementor-widget elementor-widget-heading\" data-id=\"72456da\" data-element_type=\"widget\" data-e-type=\"widget\" data-widget_type=\"heading.default\">\n\t\t\t\t\t<h2 class=\"elementor-heading-title elementor-size-default\">+ INGREDIENTES<br>+ CONCENTRADOS<\/h2>\t\t\t\t<\/div>\n\t\t\t\t<div class=\"elementor-element elementor-element-f6b13d9 elementor-widget elementor-widget-spacer\" data-id=\"f6b13d9\" data-element_type=\"widget\" data-e-type=\"widget\" data-widget_type=\"spacer.default\">\n\t\t\t\t\t\t\t<div class=\"elementor-spacer\">\n\t\t\t<div class=\"elementor-spacer-inner\"><\/div>\n\t\t<\/div>\n\t\t\t\t\t\t<\/div>\n\t\t\t\t<\/div>\n\t\t\t\t<div class=\"elementor-element elementor-element-9f74f6e elementor-widget__width-initial elementor-widget elementor-widget-heading\" data-id=\"9f74f6e\" data-element_type=\"widget\" data-e-type=\"widget\" data-widget_type=\"heading.default\">\n\t\t\t\t\t<h2 class=\"elementor-heading-title elementor-size-default\">SINERGIA PROBADA<\/h2>\t\t\t\t<\/div>\n\t\t\t\t<div class=\"elementor-element elementor-element-1e1baa1 elementor-widget__width-initial elementor-widget elementor-widget-text-editor\" data-id=\"1e1baa1\" data-element_type=\"widget\" data-e-type=\"widget\" data-widget_type=\"text-editor.default\">\n\t\t\t\t\t\t\t\t\t<div class=\"page\" title=\"P\u00e1gina 9\"><div class=\"layoutArea\"><div class=\"column\"><div class=\"page\" title=\"P\u00e1gina 10\"><div class=\"layoutArea\"><div class=\"column\"><p><strong>Fusi\u00f3n de naturaleza + biotecnolog\u00eda<\/strong><\/p><p>Los extractos bot\u00e1nicos calman y nutren, mientras que el gluc\u00f3geno marino, los p\u00e9ptidos, los antioxidantes y los activos de ingenier\u00eda de laboratorio trabajan en sinergia para lograr estabilidad, penetraci\u00f3n y resultados visibles: un cuidado de la piel eficaz y sensorial.<\/p><\/div><\/div><\/div><\/div><\/div><\/div>\t\t\t\t\t\t\t\t<\/div>\n\t\t\t\t\t<\/div>\n\t\t\t\t<\/div>\n\t\t<div class=\"elementor-element elementor-element-ee3c466 e-flex e-con-boxed e-con e-parent\" data-id=\"ee3c466\" data-element_type=\"container\" data-e-type=\"container\" data-settings=\"{&quot;background_background&quot;:&quot;classic&quot;}\">\n\t\t\t\t\t<div class=\"e-con-inner\">\n\t\t<div class=\"elementor-element elementor-element-c5e2167 e-con-full e-flex e-con e-child\" data-id=\"c5e2167\" data-element_type=\"container\" data-e-type=\"container\" data-settings=\"{&quot;background_background&quot;:&quot;gradient&quot;}\">\n\t\t\t\t<div class=\"elementor-element elementor-element-e4decbb elementor-widget elementor-widget-image\" data-id=\"e4decbb\" data-element_type=\"widget\" data-e-type=\"widget\" data-widget_type=\"image.default\">\n\t\t\t\t\t\t\t\t\t\t\t\t\t\t\t<img decoding=\"async\" width=\"350\" height=\"468\" src=\"https:\/\/beforetimeroutine.com\/wp-content\/uploads\/2025\/09\/ampolletas-us-apart.jpg\" class=\"attachment-full size-full wp-image-1731\" alt=\"\" srcset=\"https:\/\/beforetimeroutine.com\/wp-content\/uploads\/2025\/09\/ampolletas-us-apart.jpg 350w, https:\/\/beforetimeroutine.com\/wp-content\/uploads\/2025\/09\/ampolletas-us-apart-224x300.jpg 224w\" sizes=\"(max-width: 350px) 100vw, 350px\" \/>\t\t\t\t\t\t\t\t\t\t\t\t\t\t\t<\/div>\n\t\t\t\t<\/div>\n\t\t<div class=\"elementor-element elementor-element-2d312d5 e-con-full e-flex e-con e-child\" data-id=\"2d312d5\" data-element_type=\"container\" data-e-type=\"container\">\n\t\t\t\t<div class=\"elementor-element elementor-element-08b9678 elementor-widget__width-initial elementor-widget elementor-widget-heading\" data-id=\"08b9678\" data-element_type=\"widget\" data-e-type=\"widget\" data-widget_type=\"heading.default\">\n\t\t\t\t\t<h2 class=\"elementor-heading-title elementor-size-default\">ENVASES DE AMPOLLAS<\/h2>\t\t\t\t<\/div>\n\t\t\t\t<div class=\"elementor-element elementor-element-3fdc4f7 elementor-widget elementor-widget-text-editor\" data-id=\"3fdc4f7\" data-element_type=\"widget\" data-e-type=\"widget\" data-widget_type=\"text-editor.default\">\n\t\t\t\t\t\t\t\t\t<div class=\"page\" title=\"P\u00e1gina 9\"><div class=\"layoutArea\"><div class=\"column\"><div class=\"page\" title=\"P\u00e1gina 10\"><div class=\"layoutArea\"><div class=\"column\"><div class=\"page\" title=\"P\u00e1gina 11\"><div class=\"layoutArea\"><div class=\"column\"><p><strong>Activos frescos, m\u00e1xima potencia.<\/strong><\/p><p>Las ampollas de vidrio \u00e1mbar preservan la eficacia de los ingredientes, requieren menos conservantes y evitan los pl\u00e1sticos, ofreciendo el cuidado de la piel en su forma m\u00e1s pura.<\/p><\/div><\/div><\/div><\/div><\/div><\/div><\/div><\/div><\/div>\t\t\t\t\t\t\t\t<\/div>\n\t\t\t\t<\/div>\n\t\t\t\t\t<\/div>\n\t\t\t\t<\/div>\n\t\t<div class=\"elementor-element elementor-element-25ad14e e-flex e-con-boxed e-con e-parent\" data-id=\"25ad14e\" data-element_type=\"container\" data-e-type=\"container\" id=\"founder\">\n\t\t\t\t\t<div class=\"e-con-inner\">\n\t\t<div class=\"elementor-element elementor-element-970a570 e-con-full e-flex e-con e-child\" data-id=\"970a570\" data-element_type=\"container\" data-e-type=\"container\">\n\t\t\t\t<div class=\"elementor-element elementor-element-c0912f0 elementor-widget elementor-widget-image\" data-id=\"c0912f0\" data-element_type=\"widget\" data-e-type=\"widget\" data-widget_type=\"image.default\">\n\t\t\t\t\t\t\t\t\t\t\t\t\t\t\t<img decoding=\"async\" width=\"2560\" height=\"2048\" src=\"https:\/\/beforetimeroutine.com\/wp-content\/uploads\/2025\/10\/Seccion3_Punro6_FotoAboutTheFounder-scaled.jpg\" class=\"attachment-full size-full wp-image-1732\" alt=\"\" srcset=\"https:\/\/beforetimeroutine.com\/wp-content\/uploads\/2025\/10\/Seccion3_Punro6_FotoAboutTheFounder-scaled.jpg 2560w, https:\/\/beforetimeroutine.com\/wp-content\/uploads\/2025\/10\/Seccion3_Punro6_FotoAboutTheFounder-300x240.jpg 300w, https:\/\/beforetimeroutine.com\/wp-content\/uploads\/2025\/10\/Seccion3_Punro6_FotoAboutTheFounder-1024x819.jpg 1024w, https:\/\/beforetimeroutine.com\/wp-content\/uploads\/2025\/10\/Seccion3_Punro6_FotoAboutTheFounder-768x614.jpg 768w, https:\/\/beforetimeroutine.com\/wp-content\/uploads\/2025\/10\/Seccion3_Punro6_FotoAboutTheFounder-1536x1229.jpg 1536w, https:\/\/beforetimeroutine.com\/wp-content\/uploads\/2025\/10\/Seccion3_Punro6_FotoAboutTheFounder-2048x1638.jpg 2048w, https:\/\/beforetimeroutine.com\/wp-content\/uploads\/2025\/10\/Seccion3_Punro6_FotoAboutTheFounder-600x480.jpg 600w\" sizes=\"(max-width: 2560px) 100vw, 2560px\" \/>\t\t\t\t\t\t\t\t\t\t\t\t\t\t\t<\/div>\n\t\t\t\t<\/div>\n\t\t<div class=\"elementor-element elementor-element-078309f e-con-full e-flex e-con e-child\" data-id=\"078309f\" data-element_type=\"container\" data-e-type=\"container\">\n\t\t\t\t<div class=\"elementor-element elementor-element-686b265 elementor-widget__width-initial elementor-widget elementor-widget-heading\" data-id=\"686b265\" data-element_type=\"widget\" data-e-type=\"widget\" data-widget_type=\"heading.default\">\n\t\t\t\t\t<h2 class=\"elementor-heading-title elementor-size-default\">SOBRE LA FUNDADORA<\/h2>\t\t\t\t<\/div>\n\t\t\t\t<div class=\"elementor-element elementor-element-61323a4 elementor-widget elementor-widget-text-editor\" data-id=\"61323a4\" data-element_type=\"widget\" data-e-type=\"widget\" data-widget_type=\"text-editor.default\">\n\t\t\t\t\t\t\t\t\t<div class=\"page\" title=\"P\u00e1gina 9\"><div class=\"layoutArea\"><div class=\"column\"><div class=\"page\" title=\"P\u00e1gina 10\"><div class=\"layoutArea\"><div class=\"column\"><div class=\"page\" title=\"P\u00e1gina 11\"><div class=\"layoutArea\"><div class=\"column\"><div class=\"page\" title=\"P\u00e1gina 11\"><div class=\"layoutArea\"><div class=\"column\"><p>\u201cMi curiosidad y fascinaci\u00f3n por el mar me llevaron a estudiar Ciencias Marinas. Durante mis a\u00f1os en el laboratorio, descubr\u00ed el poder de los compuestos oce\u00e1nicos en cosm\u00e9tica.<\/p><p>Despu\u00e9s de completar mi doctorado en Econom\u00eda, ampli\u00e9 mis conocimientos sobre dermocosm\u00e9tica y formulaci\u00f3n para hacer realidad mi sue\u00f1o: <strong>Before Time<\/strong>.<\/p><p>Una marca nacida de mi filosof\u00eda de vida: prevenci\u00f3n, ciencia y rituales de belleza conscientes dise\u00f1ados para cada necesidad\u201d.<\/p><\/div><\/div><\/div><\/div><\/div><\/div><\/div><\/div><\/div><\/div><\/div><\/div>\t\t\t\t\t\t\t\t<\/div>\n\t\t\t\t<div class=\"elementor-element elementor-element-ff80531 elementor-widget elementor-widget-text-editor\" data-id=\"ff80531\" data-element_type=\"widget\" data-e-type=\"widget\" data-widget_type=\"text-editor.default\">\n\t\t\t\t\t\t\t\t\t<div class=\"page\" title=\"P\u00e1gina 9\"><div class=\"layoutArea\"><div class=\"column\"><div class=\"page\" title=\"P\u00e1gina 10\"><div class=\"layoutArea\"><div class=\"column\"><div class=\"page\" title=\"P\u00e1gina 11\"><div class=\"layoutArea\"><div class=\"column\"><div class=\"page\" title=\"P\u00e1gina 11\"><div class=\"layoutArea\"><div class=\"column\"><div class=\"page\" title=\"P\u00e1gina 12\"><div class=\"section\"><div class=\"layoutArea\"><div class=\"column\"><p>\u2014 <strong>Ana zubiaurre<\/strong> \u2014<\/p><\/div><\/div><\/div><\/div><\/div><\/div><\/div><\/div><\/div><\/div><\/div><\/div><\/div><\/div><\/div><\/div>\t\t\t\t\t\t\t\t<\/div>\n\t\t\t\t<\/div>\n\t\t\t\t\t<\/div>\n\t\t\t\t<\/div>\n\t\t\t\t<\/div>\n\t\t","protected":false},"excerpt":{"rendered":"<p>FILOSOF\u00cdA DE LA PREVENCI\u00d3N No se trata de arreglar el pasado&#8230;&#8230;sino de anticipar el futuro Nuestras f\u00f3rmulas fortalecen las defensas naturales de la piel para retrasar los signos del envejecimiento antes de que aparezcan. EPIGEN\u00c9TICA &amp; GLUC\u00d3GENO MARINO La ciencia se une a la vitalidad de la piel. Nuestro exclusivo gluc\u00f3geno marino act\u00faa a nivel [&hellip;]<\/p>\n","protected":false},"author":2,"featured_media":0,"parent":0,"menu_order":0,"comment_status":"closed","ping_status":"closed","template":"","meta":{"_acf_changed":false,"footnotes":""},"class_list":["post-1733","page","type-page","status-publish","hentry"],"acf":[],"yoast_head":"<!-- This site is optimized with the Yoast SEO plugin v26.9 - https:\/\/yoast.com\/product\/yoast-seo-wordpress\/ -->\n<title>\u00bfQu\u00e9 nos diferencia? - Before Time Routine<\/title>\n<meta name=\"description\" content=\"The secret lies in a good skincare routine\" \/>\n<meta name=\"robots\" content=\"index, follow, max-snippet:-1, max-image-preview:large, max-video-preview:-1\" \/>\n<link rel=\"canonical\" href=\"https:\/\/beforetimeroutine.com\/what-sets-us-apart\/\" \/>\n<meta property=\"og:locale\" content=\"es_ES\" \/>\n<meta property=\"og:type\" content=\"article\" \/>\n<meta property=\"og:title\" content=\"\u00bfQu\u00e9 nos diferencia? - Before Time Routine\" \/>\n<meta property=\"og:description\" content=\"The secret lies in a good skincare routine\" \/>\n<meta property=\"og:url\" content=\"https:\/\/beforetimeroutine.com\/what-sets-us-apart\/\" \/>\n<meta property=\"og:site_name\" content=\"Before Time Routine\" \/>\n<meta property=\"article:publisher\" content=\"https:\/\/www.facebook.com\/BeforeTimeRoutine\" \/>\n<meta property=\"article:modified_time\" content=\"2025-11-19T15:39:54+00:00\" \/>\n<meta property=\"og:image\" content=\"https:\/\/beforetimeroutine.com\/nueva\/wp-content\/uploads\/2025\/10\/us-appart.jpg\" \/>\n<meta name=\"twitter:card\" content=\"summary_large_image\" \/>\n<meta name=\"twitter:label1\" content=\"Tiempo de lectura\" \/>\n\t<meta name=\"twitter:data1\" content=\"1 minuto\" \/>\n<script type=\"application\/ld+json\" class=\"yoast-schema-graph\">{\"@context\":\"https:\/\/schema.org\",\"@graph\":[{\"@type\":\"WebPage\",\"@id\":\"https:\/\/beforetimeroutine.com\/what-sets-us-apart\/\",\"url\":\"https:\/\/beforetimeroutine.com\/what-sets-us-apart\/\",\"name\":\"\u00bfQu\u00e9 nos diferencia? - Before Time Routine\",\"isPartOf\":{\"@id\":\"https:\/\/beforetimeroutine.com\/#website\"},\"primaryImageOfPage\":{\"@id\":\"https:\/\/beforetimeroutine.com\/what-sets-us-apart\/#primaryimage\"},\"image\":{\"@id\":\"https:\/\/beforetimeroutine.com\/what-sets-us-apart\/#primaryimage\"},\"thumbnailUrl\":\"https:\/\/beforetimeroutine.com\/nueva\/wp-content\/uploads\/2025\/10\/us-appart.jpg\",\"datePublished\":\"2025-09-17T21:18:32+00:00\",\"dateModified\":\"2025-11-19T15:39:54+00:00\",\"description\":\"The secret lies in a good skincare routine\",\"breadcrumb\":{\"@id\":\"https:\/\/beforetimeroutine.com\/what-sets-us-apart\/#breadcrumb\"},\"inLanguage\":\"es-CO\",\"potentialAction\":[{\"@type\":\"ReadAction\",\"target\":[\"https:\/\/beforetimeroutine.com\/what-sets-us-apart\/\"]}]},{\"@type\":\"ImageObject\",\"inLanguage\":\"es-CO\",\"@id\":\"https:\/\/beforetimeroutine.com\/what-sets-us-apart\/#primaryimage\",\"url\":\"https:\/\/beforetimeroutine.com\/nueva\/wp-content\/uploads\/2025\/10\/us-appart.jpg\",\"contentUrl\":\"https:\/\/beforetimeroutine.com\/nueva\/wp-content\/uploads\/2025\/10\/us-appart.jpg\"},{\"@type\":\"BreadcrumbList\",\"@id\":\"https:\/\/beforetimeroutine.com\/what-sets-us-apart\/#breadcrumb\",\"itemListElement\":[{\"@type\":\"ListItem\",\"position\":1,\"name\":\"Home\",\"item\":\"https:\/\/beforetimeroutine.com\/es\/\"},{\"@type\":\"ListItem\",\"position\":2,\"name\":\"\u00bfQu\u00e9 nos diferencia?\"}]},{\"@type\":\"WebSite\",\"@id\":\"https:\/\/beforetimeroutine.com\/#website\",\"url\":\"https:\/\/beforetimeroutine.com\/\",\"name\":\"Before Time Routine\",\"description\":\"\",\"publisher\":{\"@id\":\"https:\/\/beforetimeroutine.com\/#organization\"},\"alternateName\":\"Before Time Routine\",\"potentialAction\":[{\"@type\":\"SearchAction\",\"target\":{\"@type\":\"EntryPoint\",\"urlTemplate\":\"https:\/\/beforetimeroutine.com\/?s={search_term_string}\"},\"query-input\":{\"@type\":\"PropertyValueSpecification\",\"valueRequired\":true,\"valueName\":\"search_term_string\"}}],\"inLanguage\":\"es-CO\"},{\"@type\":\"Organization\",\"@id\":\"https:\/\/beforetimeroutine.com\/#organization\",\"name\":\"Before Time Routine\",\"alternateName\":\"Before Time Routine\",\"url\":\"https:\/\/beforetimeroutine.com\/\",\"logo\":{\"@type\":\"ImageObject\",\"inLanguage\":\"es-CO\",\"@id\":\"https:\/\/beforetimeroutine.com\/#\/schema\/logo\/image\/\",\"url\":\"https:\/\/beforetimeroutine.com\/wp-content\/uploads\/2025\/09\/LogoSecundario_BeforeTime-e1758053825942.png\",\"contentUrl\":\"https:\/\/beforetimeroutine.com\/wp-content\/uploads\/2025\/09\/LogoSecundario_BeforeTime-e1758053825942.png\",\"width\":1165,\"height\":177,\"caption\":\"Before Time Routine\"},\"image\":{\"@id\":\"https:\/\/beforetimeroutine.com\/#\/schema\/logo\/image\/\"},\"sameAs\":[\"https:\/\/www.facebook.com\/BeforeTimeRoutine\"]}]}<\/script>\n<!-- \/ Yoast SEO plugin. -->","yoast_head_json":{"title":"\u00bfQu\u00e9 nos diferencia? - Before Time Routine","description":"The secret lies in a good skincare routine","robots":{"index":"index","follow":"follow","max-snippet":"max-snippet:-1","max-image-preview":"max-image-preview:large","max-video-preview":"max-video-preview:-1"},"canonical":"https:\/\/beforetimeroutine.com\/what-sets-us-apart\/","og_locale":"es_ES","og_type":"article","og_title":"\u00bfQu\u00e9 nos diferencia? - Before Time Routine","og_description":"The secret lies in a good skincare routine","og_url":"https:\/\/beforetimeroutine.com\/what-sets-us-apart\/","og_site_name":"Before Time Routine","article_publisher":"https:\/\/www.facebook.com\/BeforeTimeRoutine","article_modified_time":"2025-11-19T15:39:54+00:00","og_image":[{"url":"https:\/\/beforetimeroutine.com\/nueva\/wp-content\/uploads\/2025\/10\/us-appart.jpg","type":"","width":"","height":""}],"twitter_card":"summary_large_image","twitter_misc":{"Tiempo de lectura":"1 minuto"},"schema":{"@context":"https:\/\/schema.org","@graph":[{"@type":"WebPage","@id":"https:\/\/beforetimeroutine.com\/what-sets-us-apart\/","url":"https:\/\/beforetimeroutine.com\/what-sets-us-apart\/","name":"\u00bfQu\u00e9 nos diferencia? - Before Time Routine","isPartOf":{"@id":"https:\/\/beforetimeroutine.com\/#website"},"primaryImageOfPage":{"@id":"https:\/\/beforetimeroutine.com\/what-sets-us-apart\/#primaryimage"},"image":{"@id":"https:\/\/beforetimeroutine.com\/what-sets-us-apart\/#primaryimage"},"thumbnailUrl":"https:\/\/beforetimeroutine.com\/nueva\/wp-content\/uploads\/2025\/10\/us-appart.jpg","datePublished":"2025-09-17T21:18:32+00:00","dateModified":"2025-11-19T15:39:54+00:00","description":"The secret lies in a good skincare routine","breadcrumb":{"@id":"https:\/\/beforetimeroutine.com\/what-sets-us-apart\/#breadcrumb"},"inLanguage":"es-CO","potentialAction":[{"@type":"ReadAction","target":["https:\/\/beforetimeroutine.com\/what-sets-us-apart\/"]}]},{"@type":"ImageObject","inLanguage":"es-CO","@id":"https:\/\/beforetimeroutine.com\/what-sets-us-apart\/#primaryimage","url":"https:\/\/beforetimeroutine.com\/nueva\/wp-content\/uploads\/2025\/10\/us-appart.jpg","contentUrl":"https:\/\/beforetimeroutine.com\/nueva\/wp-content\/uploads\/2025\/10\/us-appart.jpg"},{"@type":"BreadcrumbList","@id":"https:\/\/beforetimeroutine.com\/what-sets-us-apart\/#breadcrumb","itemListElement":[{"@type":"ListItem","position":1,"name":"Home","item":"https:\/\/beforetimeroutine.com\/es\/"},{"@type":"ListItem","position":2,"name":"\u00bfQu\u00e9 nos diferencia?"}]},{"@type":"WebSite","@id":"https:\/\/beforetimeroutine.com\/#website","url":"https:\/\/beforetimeroutine.com\/","name":"Before Time Routine","description":"","publisher":{"@id":"https:\/\/beforetimeroutine.com\/#organization"},"alternateName":"Before Time Routine","potentialAction":[{"@type":"SearchAction","target":{"@type":"EntryPoint","urlTemplate":"https:\/\/beforetimeroutine.com\/?s={search_term_string}"},"query-input":{"@type":"PropertyValueSpecification","valueRequired":true,"valueName":"search_term_string"}}],"inLanguage":"es-CO"},{"@type":"Organization","@id":"https:\/\/beforetimeroutine.com\/#organization","name":"Before Time Routine","alternateName":"Before Time Routine","url":"https:\/\/beforetimeroutine.com\/","logo":{"@type":"ImageObject","inLanguage":"es-CO","@id":"https:\/\/beforetimeroutine.com\/#\/schema\/logo\/image\/","url":"https:\/\/beforetimeroutine.com\/wp-content\/uploads\/2025\/09\/LogoSecundario_BeforeTime-e1758053825942.png","contentUrl":"https:\/\/beforetimeroutine.com\/wp-content\/uploads\/2025\/09\/LogoSecundario_BeforeTime-e1758053825942.png","width":1165,"height":177,"caption":"Before Time Routine"},"image":{"@id":"https:\/\/beforetimeroutine.com\/#\/schema\/logo\/image\/"},"sameAs":["https:\/\/www.facebook.com\/BeforeTimeRoutine"]}]}},"_links":{"self":[{"href":"https:\/\/beforetimeroutine.com\/es\/wp-json\/wp\/v2\/pages\/1733","targetHints":{"allow":["GET"]}}],"collection":[{"href":"https:\/\/beforetimeroutine.com\/es\/wp-json\/wp\/v2\/pages"}],"about":[{"href":"https:\/\/beforetimeroutine.com\/es\/wp-json\/wp\/v2\/types\/page"}],"author":[{"embeddable":true,"href":"https:\/\/beforetimeroutine.com\/es\/wp-json\/wp\/v2\/users\/2"}],"replies":[{"embeddable":true,"href":"https:\/\/beforetimeroutine.com\/es\/wp-json\/wp\/v2\/comments?post=1733"}],"version-history":[{"count":0,"href":"https:\/\/beforetimeroutine.com\/es\/wp-json\/wp\/v2\/pages\/1733\/revisions"}],"wp:attachment":[{"href":"https:\/\/beforetimeroutine.com\/es\/wp-json\/wp\/v2\/media?parent=1733"}],"curies":[{"name":"wp","href":"https:\/\/api.w.org\/{rel}","templated":true}]}}