{"id":1726,"date":"2025-10-14T10:49:43","date_gmt":"2025-10-14T10:49:43","guid":{"rendered":"https:\/\/beforetimeroutine.com\/nueva\/contactenos\/"},"modified":"2025-11-19T15:38:56","modified_gmt":"2025-11-19T15:38:56","slug":"contactenos","status":"publish","type":"page","link":"https:\/\/beforetimeroutine.com\/es\/contactenos\/","title":{"rendered":"Cont\u00e1ctenos"},"content":{"rendered":"\t\t<div data-elementor-type=\"wp-page\" data-elementor-id=\"1726\" class=\"elementor elementor-1726 elementor-1317\" data-elementor-post-type=\"page\">\n\t\t\t\t<div class=\"elementor-element elementor-element-aa0b693 e-flex e-con-boxed e-con e-parent\" data-id=\"aa0b693\" data-element_type=\"container\" data-e-type=\"container\" data-settings=\"{&quot;background_background&quot;:&quot;classic&quot;}\">\n\t\t\t\t\t<div class=\"e-con-inner\">\n\t\t<div class=\"elementor-element elementor-element-52ad85d e-con-full e-flex e-con e-child\" data-id=\"52ad85d\" data-element_type=\"container\" data-e-type=\"container\">\n\t\t\t\t<div class=\"elementor-element elementor-element-73f2418 elementor-widget__width-initial elementor-widget elementor-widget-heading\" data-id=\"73f2418\" data-element_type=\"widget\" data-e-type=\"widget\" data-widget_type=\"heading.default\">\n\t\t\t\t\t<h2 class=\"elementor-heading-title elementor-size-default\">\u00bfNecesita ayuda? \u00bfO tiene alguna pregunta? <\/h2>\t\t\t\t<\/div>\n\t\t\t\t<div class=\"elementor-element elementor-element-4fa4a2a elementor-widget elementor-widget-text-editor\" data-id=\"4fa4a2a\" data-element_type=\"widget\" data-e-type=\"widget\" data-widget_type=\"text-editor.default\">\n\t\t\t\t\t\t\t\t\t<div class=\"page\" title=\"P\u00e1gina 9\"><div class=\"layoutArea\"><div class=\"column\"><p>\u00a1Estamos aqu\u00ed para ayudarle! P\u00f3ngase en contacto con nosotros por correo electr\u00f3nico: <a href=\"mailto:info@beforetimeroutine.com\" target=\"_blank\" rel=\"noopener\"><strong>info@beforetimeroutine.com<\/strong><\/a><\/p><\/div><\/div><\/div>\t\t\t\t\t\t\t\t<\/div>\n\t\t\t\t<\/div>\n\t\t<div class=\"elementor-element elementor-element-37f0159 e-con-full e-flex e-con e-child\" data-id=\"37f0159\" data-element_type=\"container\" data-e-type=\"container\">\n\t\t\t\t<div class=\"elementor-element elementor-element-73eaece elementor-mobile-button-align-end elementor-button-align-stretch elementor-widget elementor-widget-form\" data-id=\"73eaece\" data-element_type=\"widget\" data-e-type=\"widget\" data-settings=\"{&quot;step_next_label&quot;:&quot;Siguiente&quot;,&quot;step_previous_label&quot;:&quot;Anterior&quot;,&quot;button_width&quot;:&quot;100&quot;,&quot;step_type&quot;:&quot;number_text&quot;,&quot;step_icon_shape&quot;:&quot;circle&quot;}\" data-widget_type=\"form.default\">\n\t\t\t\t\t\t\t<form class=\"elementor-form\" method=\"post\" name=\"Cont\u00e1ctenos\" aria-label=\"Cont\u00e1ctenos\">\n\t\t\t<input type=\"hidden\" name=\"post_id\" value=\"1726\"\/>\n\t\t\t<input type=\"hidden\" name=\"form_id\" value=\"73eaece\"\/>\n\t\t\t<input type=\"hidden\" name=\"referer_title\" value=\"Before Time Routine\" \/>\n\n\t\t\t\n\t\t\t<div class=\"elementor-form-fields-wrapper elementor-labels-\">\n\t\t\t\t\t\t\t\t<div class=\"elementor-field-type-text elementor-field-group elementor-column elementor-field-group-name elementor-col-100\">\n\t\t\t\t\t\t\t\t\t\t\t\t<label for=\"form-field-name\" class=\"elementor-field-label elementor-screen-only\">\n\t\t\t\t\t\t\t\tNombre\t\t\t\t\t\t\t<\/label>\n\t\t\t\t\t\t\t\t\t\t\t\t\t\t<input size=\"1\" type=\"text\" name=\"form_fields[name]\" id=\"form-field-name\" class=\"elementor-field elementor-size-sm  elementor-field-textual\" placeholder=\"Nombre\">\n\t\t\t\t\t\t\t\t\t\t\t<\/div>\n\t\t\t\t\t\t\t\t<div class=\"elementor-field-type-email elementor-field-group elementor-column elementor-field-group-email elementor-col-100 elementor-field-required\">\n\t\t\t\t\t\t\t\t\t\t\t\t<label for=\"form-field-email\" class=\"elementor-field-label elementor-screen-only\">\n\t\t\t\t\t\t\t\tCorreo electr\u00f3nico\t\t\t\t\t\t\t<\/label>\n\t\t\t\t\t\t\t\t\t\t\t\t\t\t<input size=\"1\" type=\"email\" name=\"form_fields[email]\" id=\"form-field-email\" class=\"elementor-field elementor-size-sm  elementor-field-textual\" placeholder=\"Correo electr\u00f3nico\" required=\"required\">\n\t\t\t\t\t\t\t\t\t\t\t<\/div>\n\t\t\t\t\t\t\t\t<div class=\"elementor-field-type-textarea elementor-field-group elementor-column elementor-field-group-message elementor-col-100\">\n\t\t\t\t\t\t\t\t\t\t\t\t<label for=\"form-field-message\" class=\"elementor-field-label elementor-screen-only\">\n\t\t\t\t\t\t\t\tMensaje\t\t\t\t\t\t\t<\/label>\n\t\t\t\t\t\t<textarea class=\"elementor-field-textual elementor-field  elementor-size-sm\" name=\"form_fields[message]\" id=\"form-field-message\" rows=\"4\" placeholder=\"Mensaje\"><\/textarea>\t\t\t\t<\/div>\n\t\t\t\t\t\t\t\t<div class=\"elementor-field-type-text\">\n\t\t\t\t\t<input size=\"1\" type=\"text\" name=\"form_fields[field_35b9be1]\" id=\"form-field-field_35b9be1\" class=\"elementor-field elementor-size-sm \" style=\"display:none !important;\">\t\t\t\t<\/div>\n\t\t\t\t\t\t\t\t<div class=\"elementor-field-type-recaptcha_v3 elementor-field-group elementor-column elementor-field-group-field_bd4a27b elementor-col-100 recaptcha_v3-bottomright\">\n\t\t\t\t\t<div class=\"elementor-field\" id=\"form-field-field_bd4a27b\"><div class=\"elementor-g-recaptcha\" data-sitekey=\"6Lfu6e8eAAAAAP4NuIAaCxSCcrNFLy4zakzivDnb\" data-type=\"v3\" data-action=\"Form\" data-badge=\"bottomright\" data-size=\"invisible\"><\/div><\/div>\t\t\t\t<\/div>\n\t\t\t\t\t\t\t\t<div class=\"elementor-field-group elementor-column elementor-field-type-submit elementor-col-100 e-form__buttons\">\n\t\t\t\t\t<button class=\"elementor-button elementor-size-sm\" type=\"submit\">\n\t\t\t\t\t\t<span class=\"elementor-button-content-wrapper\">\n\t\t\t\t\t\t\t\t\t\t\t\t\t\t\t\t\t\t\t\t\t\t<span class=\"elementor-button-text\">Enviar<\/span>\n\t\t\t\t\t\t\t\t\t\t\t\t\t<\/span>\n\t\t\t\t\t<\/button>\n\t\t\t\t<\/div>\n\t\t\t<\/div>\n\t\t<\/form>\n\t\t\t\t\t\t<\/div>\n\t\t\t\t<\/div>\n\t\t\t\t\t<\/div>\n\t\t\t\t<\/div>\n\t\t\t\t<\/div>\n\t\t","protected":false},"excerpt":{"rendered":"<p>\u00bfNecesita ayuda? \u00bfO tiene alguna pregunta? \u00a1Estamos aqu\u00ed para ayudarle! P\u00f3ngase en contacto con nosotros por correo electr\u00f3nico: info@beforetimeroutine.com<\/p>\n","protected":false},"author":2,"featured_media":0,"parent":0,"menu_order":0,"comment_status":"closed","ping_status":"closed","template":"","meta":{"_acf_changed":false,"footnotes":""},"class_list":["post-1726","page","type-page","status-publish","hentry"],"acf":[],"yoast_head":"<!-- This site is optimized with the Yoast SEO plugin v26.9 - https:\/\/yoast.com\/product\/yoast-seo-wordpress\/ -->\n<title>Cont\u00e1ctenos - Before Time Routine<\/title>\n<meta name=\"description\" content=\"The secret lies in a good skincare routine\" \/>\n<meta name=\"robots\" content=\"index, follow, max-snippet:-1, max-image-preview:large, max-video-preview:-1\" \/>\n<link rel=\"canonical\" href=\"https:\/\/beforetimeroutine.com\/contact-us\/\" \/>\n<meta property=\"og:locale\" content=\"es_ES\" \/>\n<meta property=\"og:type\" content=\"article\" \/>\n<meta property=\"og:title\" content=\"Cont\u00e1ctenos - Before Time Routine\" \/>\n<meta property=\"og:description\" content=\"The secret lies in a good skincare routine\" \/>\n<meta property=\"og:url\" content=\"https:\/\/beforetimeroutine.com\/contact-us\/\" \/>\n<meta property=\"og:site_name\" content=\"Before Time Routine\" \/>\n<meta property=\"article:publisher\" content=\"https:\/\/www.facebook.com\/BeforeTimeRoutine\" \/>\n<meta property=\"article:modified_time\" content=\"2025-11-19T15:38:56+00:00\" \/>\n<meta name=\"twitter:card\" content=\"summary_large_image\" \/>\n<script type=\"application\/ld+json\" class=\"yoast-schema-graph\">{\"@context\":\"https:\/\/schema.org\",\"@graph\":[{\"@type\":\"WebPage\",\"@id\":\"https:\/\/beforetimeroutine.com\/contact-us\/\",\"url\":\"https:\/\/beforetimeroutine.com\/contact-us\/\",\"name\":\"Cont\u00e1ctenos - Before Time Routine\",\"isPartOf\":{\"@id\":\"https:\/\/beforetimeroutine.com\/#website\"},\"datePublished\":\"2025-10-14T10:49:43+00:00\",\"dateModified\":\"2025-11-19T15:38:56+00:00\",\"description\":\"The secret lies in a good skincare routine\",\"breadcrumb\":{\"@id\":\"https:\/\/beforetimeroutine.com\/contact-us\/#breadcrumb\"},\"inLanguage\":\"es-CO\",\"potentialAction\":[{\"@type\":\"ReadAction\",\"target\":[\"https:\/\/beforetimeroutine.com\/contact-us\/\"]}]},{\"@type\":\"BreadcrumbList\",\"@id\":\"https:\/\/beforetimeroutine.com\/contact-us\/#breadcrumb\",\"itemListElement\":[{\"@type\":\"ListItem\",\"position\":1,\"name\":\"Home\",\"item\":\"https:\/\/beforetimeroutine.com\/es\/\"},{\"@type\":\"ListItem\",\"position\":2,\"name\":\"Cont\u00e1ctenos\"}]},{\"@type\":\"WebSite\",\"@id\":\"https:\/\/beforetimeroutine.com\/#website\",\"url\":\"https:\/\/beforetimeroutine.com\/\",\"name\":\"Before Time Routine\",\"description\":\"\",\"publisher\":{\"@id\":\"https:\/\/beforetimeroutine.com\/#organization\"},\"alternateName\":\"Before Time Routine\",\"potentialAction\":[{\"@type\":\"SearchAction\",\"target\":{\"@type\":\"EntryPoint\",\"urlTemplate\":\"https:\/\/beforetimeroutine.com\/?s={search_term_string}\"},\"query-input\":{\"@type\":\"PropertyValueSpecification\",\"valueRequired\":true,\"valueName\":\"search_term_string\"}}],\"inLanguage\":\"es-CO\"},{\"@type\":\"Organization\",\"@id\":\"https:\/\/beforetimeroutine.com\/#organization\",\"name\":\"Before Time Routine\",\"alternateName\":\"Before Time Routine\",\"url\":\"https:\/\/beforetimeroutine.com\/\",\"logo\":{\"@type\":\"ImageObject\",\"inLanguage\":\"es-CO\",\"@id\":\"https:\/\/beforetimeroutine.com\/#\/schema\/logo\/image\/\",\"url\":\"https:\/\/beforetimeroutine.com\/wp-content\/uploads\/2025\/09\/LogoSecundario_BeforeTime-e1758053825942.png\",\"contentUrl\":\"https:\/\/beforetimeroutine.com\/wp-content\/uploads\/2025\/09\/LogoSecundario_BeforeTime-e1758053825942.png\",\"width\":1165,\"height\":177,\"caption\":\"Before Time Routine\"},\"image\":{\"@id\":\"https:\/\/beforetimeroutine.com\/#\/schema\/logo\/image\/\"},\"sameAs\":[\"https:\/\/www.facebook.com\/BeforeTimeRoutine\"]}]}<\/script>\n<!-- \/ Yoast SEO plugin. -->","yoast_head_json":{"title":"Cont\u00e1ctenos - Before Time Routine","description":"The secret lies in a good skincare routine","robots":{"index":"index","follow":"follow","max-snippet":"max-snippet:-1","max-image-preview":"max-image-preview:large","max-video-preview":"max-video-preview:-1"},"canonical":"https:\/\/beforetimeroutine.com\/contact-us\/","og_locale":"es_ES","og_type":"article","og_title":"Cont\u00e1ctenos - Before Time Routine","og_description":"The secret lies in a good skincare routine","og_url":"https:\/\/beforetimeroutine.com\/contact-us\/","og_site_name":"Before Time Routine","article_publisher":"https:\/\/www.facebook.com\/BeforeTimeRoutine","article_modified_time":"2025-11-19T15:38:56+00:00","twitter_card":"summary_large_image","schema":{"@context":"https:\/\/schema.org","@graph":[{"@type":"WebPage","@id":"https:\/\/beforetimeroutine.com\/contact-us\/","url":"https:\/\/beforetimeroutine.com\/contact-us\/","name":"Cont\u00e1ctenos - Before Time Routine","isPartOf":{"@id":"https:\/\/beforetimeroutine.com\/#website"},"datePublished":"2025-10-14T10:49:43+00:00","dateModified":"2025-11-19T15:38:56+00:00","description":"The secret lies in a good skincare routine","breadcrumb":{"@id":"https:\/\/beforetimeroutine.com\/contact-us\/#breadcrumb"},"inLanguage":"es-CO","potentialAction":[{"@type":"ReadAction","target":["https:\/\/beforetimeroutine.com\/contact-us\/"]}]},{"@type":"BreadcrumbList","@id":"https:\/\/beforetimeroutine.com\/contact-us\/#breadcrumb","itemListElement":[{"@type":"ListItem","position":1,"name":"Home","item":"https:\/\/beforetimeroutine.com\/es\/"},{"@type":"ListItem","position":2,"name":"Cont\u00e1ctenos"}]},{"@type":"WebSite","@id":"https:\/\/beforetimeroutine.com\/#website","url":"https:\/\/beforetimeroutine.com\/","name":"Before Time Routine","description":"","publisher":{"@id":"https:\/\/beforetimeroutine.com\/#organization"},"alternateName":"Before Time Routine","potentialAction":[{"@type":"SearchAction","target":{"@type":"EntryPoint","urlTemplate":"https:\/\/beforetimeroutine.com\/?s={search_term_string}"},"query-input":{"@type":"PropertyValueSpecification","valueRequired":true,"valueName":"search_term_string"}}],"inLanguage":"es-CO"},{"@type":"Organization","@id":"https:\/\/beforetimeroutine.com\/#organization","name":"Before Time Routine","alternateName":"Before Time Routine","url":"https:\/\/beforetimeroutine.com\/","logo":{"@type":"ImageObject","inLanguage":"es-CO","@id":"https:\/\/beforetimeroutine.com\/#\/schema\/logo\/image\/","url":"https:\/\/beforetimeroutine.com\/wp-content\/uploads\/2025\/09\/LogoSecundario_BeforeTime-e1758053825942.png","contentUrl":"https:\/\/beforetimeroutine.com\/wp-content\/uploads\/2025\/09\/LogoSecundario_BeforeTime-e1758053825942.png","width":1165,"height":177,"caption":"Before Time Routine"},"image":{"@id":"https:\/\/beforetimeroutine.com\/#\/schema\/logo\/image\/"},"sameAs":["https:\/\/www.facebook.com\/BeforeTimeRoutine"]}]}},"_links":{"self":[{"href":"https:\/\/beforetimeroutine.com\/es\/wp-json\/wp\/v2\/pages\/1726","targetHints":{"allow":["GET"]}}],"collection":[{"href":"https:\/\/beforetimeroutine.com\/es\/wp-json\/wp\/v2\/pages"}],"about":[{"href":"https:\/\/beforetimeroutine.com\/es\/wp-json\/wp\/v2\/types\/page"}],"author":[{"embeddable":true,"href":"https:\/\/beforetimeroutine.com\/es\/wp-json\/wp\/v2\/users\/2"}],"replies":[{"embeddable":true,"href":"https:\/\/beforetimeroutine.com\/es\/wp-json\/wp\/v2\/comments?post=1726"}],"version-history":[{"count":0,"href":"https:\/\/beforetimeroutine.com\/es\/wp-json\/wp\/v2\/pages\/1726\/revisions"}],"wp:attachment":[{"href":"https:\/\/beforetimeroutine.com\/es\/wp-json\/wp\/v2\/media?parent=1726"}],"curies":[{"name":"wp","href":"https:\/\/api.w.org\/{rel}","templated":true}]}}